{"id":17,"date":"2025-01-09T10:25:20","date_gmt":"2025-01-09T09:25:20","guid":{"rendered":"https:\/\/www.peau-biarritz.fr\/?page_id=17"},"modified":"2025-10-09T22:09:23","modified_gmt":"2025-10-09T20:09:23","slug":"home","status":"publish","type":"page","link":"https:\/\/www.peau-biarritz.fr\/","title":{"rendered":"Home"},"content":{"rendered":"","protected":false},"excerpt":{"rendered":"","protected":false},"author":1,"featured_media":0,"parent":0,"menu_order":0,"comment_status":"closed","ping_status":"closed","template":"","meta":{"_acf_changed":false,"footnotes":""},"class_list":["post-17","page","type-page","status-publish","hentry"],"acf":[],"yoast_head":"<!-- This site is optimized with the Yoast SEO plugin v24.3 - https:\/\/yoast.com\/wordpress\/plugins\/seo\/ -->\n<title>Peau Biarritz - Massages Kobido<\/title>\n<meta name=\"description\" content=\"Sp\u00e9cialiste du Kobido \u00e0 Biarritz, Peau vous propose ce massage facial ancestral pour redonner \u00e9clat et fermet\u00e9 \u00e0 votre peau.\" \/>\n<meta name=\"robots\" content=\"index, follow, max-snippet:-1, max-image-preview:large, max-video-preview:-1\" \/>\n<link rel=\"canonical\" href=\"https:\/\/www.peau-biarritz.fr\/\" \/>\n<meta property=\"og:locale\" content=\"fr_FR\" \/>\n<meta property=\"og:type\" content=\"article\" \/>\n<meta property=\"og:title\" content=\"Peau Biarritz - Massages Kobido\" \/>\n<meta property=\"og:description\" content=\"Sp\u00e9cialiste du Kobido \u00e0 Biarritz, Peau vous propose ce massage facial ancestral pour redonner \u00e9clat et fermet\u00e9 \u00e0 votre peau.\" \/>\n<meta property=\"og:url\" content=\"https:\/\/www.peau-biarritz.fr\/\" \/>\n<meta property=\"og:site_name\" content=\"Peau Biarritz\" \/>\n<meta property=\"article:modified_time\" content=\"2025-10-09T20:09:23+00:00\" \/>\n<meta property=\"og:image\" content=\"https:\/\/www.peau-biarritz.fr\/wp-content\/uploads\/2025\/01\/FANNY-WEB-2.webp\" \/>\n\t<meta property=\"og:image:width\" content=\"1950\" \/>\n\t<meta property=\"og:image:height\" content=\"1413\" \/>\n\t<meta property=\"og:image:type\" content=\"image\/webp\" \/>\n<meta name=\"twitter:card\" content=\"summary_large_image\" \/>\n<script type=\"application\/ld+json\" class=\"yoast-schema-graph\">{\"@context\":\"https:\/\/schema.org\",\"@graph\":[{\"@type\":\"WebPage\",\"@id\":\"https:\/\/www.peau-biarritz.fr\/\",\"url\":\"https:\/\/www.peau-biarritz.fr\/\",\"name\":\"Peau Biarritz - Massages Kobido\",\"isPartOf\":{\"@id\":\"https:\/\/www.peau-biarritz.fr\/#website\"},\"datePublished\":\"2025-01-09T09:25:20+00:00\",\"dateModified\":\"2025-10-09T20:09:23+00:00\",\"description\":\"Sp\u00e9cialiste du Kobido \u00e0 Biarritz, Peau vous propose ce massage facial ancestral pour redonner \u00e9clat et fermet\u00e9 \u00e0 votre peau.\",\"breadcrumb\":{\"@id\":\"https:\/\/www.peau-biarritz.fr\/#breadcrumb\"},\"inLanguage\":\"fr-FR\",\"potentialAction\":[{\"@type\":\"ReadAction\",\"target\":[\"https:\/\/www.peau-biarritz.fr\/\"]}]},{\"@type\":\"BreadcrumbList\",\"@id\":\"https:\/\/www.peau-biarritz.fr\/#breadcrumb\",\"itemListElement\":[{\"@type\":\"ListItem\",\"position\":1,\"name\":\"Accueil\",\"item\":\"https:\/\/www.peau-biarritz.fr\/\"},{\"@type\":\"ListItem\",\"position\":2,\"name\":\"Home\"}]},{\"@type\":\"WebSite\",\"@id\":\"https:\/\/www.peau-biarritz.fr\/#website\",\"url\":\"https:\/\/www.peau-biarritz.fr\/\",\"name\":\"Peau Biarritz\",\"description\":\"\",\"publisher\":{\"@id\":\"https:\/\/www.peau-biarritz.fr\/#organization\"},\"potentialAction\":[{\"@type\":\"SearchAction\",\"target\":{\"@type\":\"EntryPoint\",\"urlTemplate\":\"https:\/\/www.peau-biarritz.fr\/?s={search_term_string}\"},\"query-input\":{\"@type\":\"PropertyValueSpecification\",\"valueRequired\":true,\"valueName\":\"search_term_string\"}}],\"inLanguage\":\"fr-FR\"},{\"@type\":\"Organization\",\"@id\":\"https:\/\/www.peau-biarritz.fr\/#organization\",\"name\":\"Peau Biarritz\",\"url\":\"https:\/\/www.peau-biarritz.fr\/\",\"logo\":{\"@type\":\"ImageObject\",\"inLanguage\":\"fr-FR\",\"@id\":\"https:\/\/www.peau-biarritz.fr\/#\/schema\/logo\/image\/\",\"url\":\"https:\/\/www.peau-biarritz.fr\/wp-content\/uploads\/2025\/01\/logo-peau-black.svg\",\"contentUrl\":\"https:\/\/www.peau-biarritz.fr\/wp-content\/uploads\/2025\/01\/logo-peau-black.svg\",\"width\":1,\"height\":1,\"caption\":\"Peau Biarritz\"},\"image\":{\"@id\":\"https:\/\/www.peau-biarritz.fr\/#\/schema\/logo\/image\/\"},\"sameAs\":[\"https:\/\/www.instagram.com\/peau_biarritz\/\"]}]}<\/script>\n<!-- \/ Yoast SEO plugin. -->","yoast_head_json":{"title":"Peau Biarritz - Massages Kobido","description":"Sp\u00e9cialiste du Kobido \u00e0 Biarritz, Peau vous propose ce massage facial ancestral pour redonner \u00e9clat et fermet\u00e9 \u00e0 votre peau.","robots":{"index":"index","follow":"follow","max-snippet":"max-snippet:-1","max-image-preview":"max-image-preview:large","max-video-preview":"max-video-preview:-1"},"canonical":"https:\/\/www.peau-biarritz.fr\/","og_locale":"fr_FR","og_type":"article","og_title":"Peau Biarritz - Massages Kobido","og_description":"Sp\u00e9cialiste du Kobido \u00e0 Biarritz, Peau vous propose ce massage facial ancestral pour redonner \u00e9clat et fermet\u00e9 \u00e0 votre peau.","og_url":"https:\/\/www.peau-biarritz.fr\/","og_site_name":"Peau Biarritz","article_modified_time":"2025-10-09T20:09:23+00:00","og_image":[{"width":1950,"height":1413,"url":"https:\/\/www.peau-biarritz.fr\/wp-content\/uploads\/2025\/01\/FANNY-WEB-2.webp","type":"image\/webp"}],"twitter_card":"summary_large_image","schema":{"@context":"https:\/\/schema.org","@graph":[{"@type":"WebPage","@id":"https:\/\/www.peau-biarritz.fr\/","url":"https:\/\/www.peau-biarritz.fr\/","name":"Peau Biarritz - Massages Kobido","isPartOf":{"@id":"https:\/\/www.peau-biarritz.fr\/#website"},"datePublished":"2025-01-09T09:25:20+00:00","dateModified":"2025-10-09T20:09:23+00:00","description":"Sp\u00e9cialiste du Kobido \u00e0 Biarritz, Peau vous propose ce massage facial ancestral pour redonner \u00e9clat et fermet\u00e9 \u00e0 votre peau.","breadcrumb":{"@id":"https:\/\/www.peau-biarritz.fr\/#breadcrumb"},"inLanguage":"fr-FR","potentialAction":[{"@type":"ReadAction","target":["https:\/\/www.peau-biarritz.fr\/"]}]},{"@type":"BreadcrumbList","@id":"https:\/\/www.peau-biarritz.fr\/#breadcrumb","itemListElement":[{"@type":"ListItem","position":1,"name":"Accueil","item":"https:\/\/www.peau-biarritz.fr\/"},{"@type":"ListItem","position":2,"name":"Home"}]},{"@type":"WebSite","@id":"https:\/\/www.peau-biarritz.fr\/#website","url":"https:\/\/www.peau-biarritz.fr\/","name":"Peau Biarritz","description":"","publisher":{"@id":"https:\/\/www.peau-biarritz.fr\/#organization"},"potentialAction":[{"@type":"SearchAction","target":{"@type":"EntryPoint","urlTemplate":"https:\/\/www.peau-biarritz.fr\/?s={search_term_string}"},"query-input":{"@type":"PropertyValueSpecification","valueRequired":true,"valueName":"search_term_string"}}],"inLanguage":"fr-FR"},{"@type":"Organization","@id":"https:\/\/www.peau-biarritz.fr\/#organization","name":"Peau Biarritz","url":"https:\/\/www.peau-biarritz.fr\/","logo":{"@type":"ImageObject","inLanguage":"fr-FR","@id":"https:\/\/www.peau-biarritz.fr\/#\/schema\/logo\/image\/","url":"https:\/\/www.peau-biarritz.fr\/wp-content\/uploads\/2025\/01\/logo-peau-black.svg","contentUrl":"https:\/\/www.peau-biarritz.fr\/wp-content\/uploads\/2025\/01\/logo-peau-black.svg","width":1,"height":1,"caption":"Peau Biarritz"},"image":{"@id":"https:\/\/www.peau-biarritz.fr\/#\/schema\/logo\/image\/"},"sameAs":["https:\/\/www.instagram.com\/peau_biarritz\/"]}]}},"_links":{"self":[{"href":"https:\/\/www.peau-biarritz.fr\/index.php?rest_route=\/wp\/v2\/pages\/17","targetHints":{"allow":["GET"]}}],"collection":[{"href":"https:\/\/www.peau-biarritz.fr\/index.php?rest_route=\/wp\/v2\/pages"}],"about":[{"href":"https:\/\/www.peau-biarritz.fr\/index.php?rest_route=\/wp\/v2\/types\/page"}],"author":[{"embeddable":true,"href":"https:\/\/www.peau-biarritz.fr\/index.php?rest_route=\/wp\/v2\/users\/1"}],"replies":[{"embeddable":true,"href":"https:\/\/www.peau-biarritz.fr\/index.php?rest_route=%2Fwp%2Fv2%2Fcomments&post=17"}],"version-history":[{"count":66,"href":"https:\/\/www.peau-biarritz.fr\/index.php?rest_route=\/wp\/v2\/pages\/17\/revisions"}],"predecessor-version":[{"id":209,"href":"https:\/\/www.peau-biarritz.fr\/index.php?rest_route=\/wp\/v2\/pages\/17\/revisions\/209"}],"wp:attachment":[{"href":"https:\/\/www.peau-biarritz.fr\/index.php?rest_route=%2Fwp%2Fv2%2Fmedia&parent=17"}],"curies":[{"name":"wp","href":"https:\/\/api.w.org\/{rel}","templated":true}]}}